{"id":543,"date":"2022-11-14T00:17:26","date_gmt":"2022-11-14T00:17:26","guid":{"rendered":"https:\/\/ostmangroup.fi\/integritetspolicy\/"},"modified":"2023-06-14T09:50:27","modified_gmt":"2023-06-14T09:50:27","slug":"integritetspolicy","status":"publish","type":"page","link":"https:\/\/ostmangroup.fi\/sv\/integritetspolicy\/","title":{"rendered":"Integritetspolicy"},"content":{"rendered":"\t\t<div data-elementor-type=\"wp-page\" data-elementor-id=\"543\" class=\"elementor elementor-543 elementor-3\">\n\t\t\t\t\t\t<section class=\"elementor-section elementor-top-section elementor-element elementor-element-1312a24b elementor-section-boxed elementor-section-height-default elementor-section-height-default\" data-id=\"1312a24b\" data-element_type=\"section\" data-e-type=\"section\">\n\t\t\t\t\t\t<div class=\"elementor-container elementor-column-gap-default\">\n\t\t\t\t\t<div class=\"elementor-column elementor-col-100 elementor-top-column elementor-element elementor-element-1e204f25\" data-id=\"1e204f25\" data-element_type=\"column\" data-e-type=\"column\">\n\t\t\t<div class=\"elementor-widget-wrap elementor-element-populated\">\n\t\t\t\t\t\t<div class=\"elementor-element elementor-element-56f574f9 elementor-widget elementor-widget-text-editor\" data-id=\"56f574f9\" data-element_type=\"widget\" data-e-type=\"widget\" data-widget_type=\"text-editor.default\">\n\t\t\t\t<div class=\"elementor-widget-container\">\n\t\t\t\t\t\t\t\t\t<p><\/p>\n<p>Vi respekterar din integritet och \u00e4r fast beslutna att skydda den genom att f\u00f6lja denna policy.<\/p>\n<p>Denna policy beskriver de typer av information som vi kan samla in fr\u00e5n dig eller som du kan tillhandah\u00e5lla n\u00e4r du bes\u00f6ker v\u00e5r webbplats och v\u00e5ra metoder f\u00f6r att samla in, anv\u00e4nda, underh\u00e5lla, skydda och avsl\u00f6ja denna information.<\/p>\n<p><strong>Information som vi samlar in<\/strong><\/p>\n<p>Vi kan samla in information fr\u00e5n dig p\u00e5 flera olika s\u00e4tt, t.ex:<\/p>\n<ul>\n<li>Information som du l\u00e4mnar genom att fylla i formul\u00e4r p\u00e5 v\u00e5r webbplats<\/li>\n<li>Information som du l\u00e4mnar n\u00e4r du kontaktar oss<\/li>\n<li>Information som du l\u00e4mnar n\u00e4r du registrerar dig f\u00f6r ett konto<\/li>\n<li>Information som du l\u00e4mnar n\u00e4r du anv\u00e4nder v\u00e5ra tj\u00e4nster<\/li>\n<li>Information som du l\u00e4mnar n\u00e4r du deltar i unders\u00f6kningar eller t\u00e4vlingar<\/li>\n<li>Information som du l\u00e4mnar n\u00e4r du interagerar med v\u00e5ra sidor p\u00e5 sociala medier<\/li>\n<\/ul>\n<p>Vi kan ocks\u00e5 samla in information om din anv\u00e4ndning av v\u00e5r webbplats, inklusive de sidor du bes\u00f6ker, de funktioner du anv\u00e4nder och det inneh\u00e5ll du tittar p\u00e5.<\/p>\n<p><strong>Anv\u00e4ndning av information<\/strong><\/p>\n<p>Vi anv\u00e4nder den information vi samlar in fr\u00e5n dig f\u00f6r att:<\/p>\n<ul>\n<li>F\u00f6rse dig med de tj\u00e4nster du efterfr\u00e5gar<\/li>\n<li>Svara p\u00e5 dina f\u00f6rfr\u00e5gningar och tillhandah\u00e5lla kundservice<\/li>\n<li>Skicka information till dig om v\u00e5ra produkter och tj\u00e4nster<\/li>\n<li>Skicka marknadsf\u00f6ring till dig<\/li>\n<li>F\u00f6rb\u00e4ttra v\u00e5r webbplats och v\u00e5ra tj\u00e4nster<\/li>\n<li>Utf\u00f6ra forskning och analys<\/li>\n<li>Uppfylla r\u00e4ttsliga krav<\/li>\n<\/ul>\n<p><strong>Utbyte av information<\/strong><\/p>\n<p>Vi kan dela den information vi samlar in fr\u00e5n dig p\u00e5 f\u00f6ljande s\u00e4tt:<\/p>\n<ul>\n<li>Med tredjepartsleverant\u00f6rer som tillhandah\u00e5ller tj\u00e4nster till oss<\/li>\n<li>F\u00f6r att uppfylla r\u00e4ttsliga krav<\/li>\n<li>F\u00f6r att skydda r\u00e4ttigheter, egendom eller s\u00e4kerhet f\u00f6r v\u00e5rt f\u00f6retag, v\u00e5ra kunder eller andra<\/li>\n<li>F\u00f6r att verkst\u00e4lla v\u00e5ra avtal<\/li>\n<\/ul>\n<p><strong>Informationss\u00e4kerhet<\/strong><\/p>\n<p>Vi vidtar l\u00e4mpliga s\u00e4kerhets\u00e5tg\u00e4rder f\u00f6r att skydda mot obeh\u00f6rig \u00e5tkomst till eller obeh\u00f6rig \u00e4ndring, utl\u00e4mnande eller f\u00f6rst\u00f6ring av uppgifter. Vi begr\u00e4nsar \u00e5tkomsten till dina personuppgifter till anst\u00e4llda, entrepren\u00f6rer och agenter som beh\u00f6ver k\u00e4nna till informationen f\u00f6r att kunna driva, utveckla eller f\u00f6rb\u00e4ttra v\u00e5ra tj\u00e4nster.<\/p>\n<p><strong>\u00c4ndringar av v\u00e5r integritetspolicy<\/strong><\/p>\n<p>Vi kan komma att uppdatera v\u00e5r integritetspolicy fr\u00e5n tid till annan. Vi kommer att meddela dig om eventuella \u00e4ndringar genom att publicera den nya sekretesspolicyn p\u00e5 denna sida. Vi rekommenderar att du regelbundet l\u00e4ser igenom denna integritetspolicy f\u00f6r eventuella \u00e4ndringar.<\/p>\n<p><strong>Kontakta oss<\/strong><\/p>\n<p>Om du har n\u00e5gra fr\u00e5gor eller funderingar kring v\u00e5r integritetspolicy \u00e4r du v\u00e4lkommen att kontakta oss.<\/p>\n<p><\/p>\t\t\t\t\t\t\t\t<\/div>\n\t\t\t\t<\/div>\n\t\t\t\t\t<\/div>\n\t\t<\/div>\n\t\t\t\t\t<\/div>\n\t\t<\/section>\n\t\t\t\t<\/div>\n\t\t","protected":false},"excerpt":{"rendered":"<p>Vi respekterar din integritet och \u00e4r fast beslutna att skydda den genom att f\u00f6lja denna policy. Denna policy beskriver de typer av information som vi kan samla in fr\u00e5n dig eller som du kan tillhandah\u00e5lla n\u00e4r du bes\u00f6ker v\u00e5r webbplats och v\u00e5ra metoder f\u00f6r att samla in, anv\u00e4nda, underh\u00e5lla, skydda och avsl\u00f6ja denna information. Information [&hellip;]<\/p>\n","protected":false},"author":1,"featured_media":0,"parent":0,"menu_order":0,"comment_status":"closed","ping_status":"open","template":"","meta":{"_seopress_robots_primary_cat":"0","_seopress_titles_title":"","_seopress_titles_desc":"","_seopress_robots_index":"","content-type":"","site-sidebar-layout":"default","site-content-layout":"","ast-site-content-layout":"default","site-content-style":"default","site-sidebar-style":"default","ast-global-header-display":"","ast-banner-title-visibility":"","ast-main-header-display":"","ast-hfb-above-header-display":"","ast-hfb-below-header-display":"","ast-hfb-mobile-header-display":"","site-post-title":"","ast-breadcrumbs-content":"","ast-featured-img":"","footer-sml-layout":"","ast-disable-related-posts":"","theme-transparent-header-meta":"","adv-header-id-meta":"","stick-header-meta":"","header-above-stick-meta":"","header-main-stick-meta":"","header-below-stick-meta":"","astra-migrate-meta-layouts":"default","ast-page-background-enabled":"default","ast-page-background-meta":{"desktop":{"background-color":"","background-image":"","background-repeat":"repeat","background-position":"center center","background-size":"auto","background-attachment":"scroll","background-type":"","background-media":"","overlay-type":"","overlay-color":"","overlay-opacity":"","overlay-gradient":""},"tablet":{"background-color":"","background-image":"","background-repeat":"repeat","background-position":"center center","background-size":"auto","background-attachment":"scroll","background-type":"","background-media":"","overlay-type":"","overlay-color":"","overlay-opacity":"","overlay-gradient":""},"mobile":{"background-color":"","background-image":"","background-repeat":"repeat","background-position":"center center","background-size":"auto","background-attachment":"scroll","background-type":"","background-media":"","overlay-type":"","overlay-color":"","overlay-opacity":"","overlay-gradient":""}},"ast-content-background-meta":{"desktop":{"background-color":"var(--ast-global-color-5)","background-image":"","background-repeat":"repeat","background-position":"center center","background-size":"auto","background-attachment":"scroll","background-type":"","background-media":"","overlay-type":"","overlay-color":"","overlay-opacity":"","overlay-gradient":""},"tablet":{"background-color":"var(--ast-global-color-5)","background-image":"","background-repeat":"repeat","background-position":"center center","background-size":"auto","background-attachment":"scroll","background-type":"","background-media":"","overlay-type":"","overlay-color":"","overlay-opacity":"","overlay-gradient":""},"mobile":{"background-color":"var(--ast-global-color-5)","background-image":"","background-repeat":"repeat","background-position":"center center","background-size":"auto","background-attachment":"scroll","background-type":"","background-media":"","overlay-type":"","overlay-color":"","overlay-opacity":"","overlay-gradient":""}},"footnotes":""},"class_list":["post-543","page","type-page","status-publish","hentry"],"yoast_head":"<!-- This site is optimized with the Yoast SEO plugin v27.3 - https:\/\/yoast.com\/product\/yoast-seo-wordpress\/ -->\n<title>Integritetspolicy - \u00d6stman Group Oy Ab<\/title>\n<meta name=\"robots\" content=\"index, follow, max-snippet:-1, max-image-preview:large, max-video-preview:-1\" \/>\n<link rel=\"canonical\" href=\"https:\/\/ostmangroup.fi\/sv\/integritetspolicy\/\" \/>\n<meta property=\"og:locale\" content=\"sv_SE\" \/>\n<meta property=\"og:type\" content=\"article\" \/>\n<meta property=\"og:title\" content=\"Integritetspolicy - \u00d6stman Group Oy Ab\" \/>\n<meta property=\"og:description\" content=\"Vi respekterar din integritet och \u00e4r fast beslutna att skydda den genom att f\u00f6lja denna policy. Denna policy beskriver de typer av information som vi kan samla in fr\u00e5n dig eller som du kan tillhandah\u00e5lla n\u00e4r du bes\u00f6ker v\u00e5r webbplats och v\u00e5ra metoder f\u00f6r att samla in, anv\u00e4nda, underh\u00e5lla, skydda och avsl\u00f6ja denna information. Information [&hellip;]\" \/>\n<meta property=\"og:url\" content=\"https:\/\/ostmangroup.fi\/sv\/integritetspolicy\/\" \/>\n<meta property=\"og:site_name\" content=\"\u00d6stman Group Oy Ab\" \/>\n<meta property=\"article:publisher\" content=\"https:\/\/www.facebook.com\/ostmangroup\" \/>\n<meta property=\"article:modified_time\" content=\"2023-06-14T09:50:27+00:00\" \/>\n<meta name=\"twitter:card\" content=\"summary_large_image\" \/>\n<meta name=\"twitter:label1\" content=\"Ber\u00e4knad l\u00e4stid\" \/>\n\t<meta name=\"twitter:data1\" content=\"2 minuter\" \/>\n<script type=\"application\/ld+json\" class=\"yoast-schema-graph\">{\"@context\":\"https:\\\/\\\/schema.org\",\"@graph\":[{\"@type\":\"WebPage\",\"@id\":\"https:\\\/\\\/ostmangroup.fi\\\/sv\\\/integritetspolicy\\\/\",\"url\":\"https:\\\/\\\/ostmangroup.fi\\\/sv\\\/integritetspolicy\\\/\",\"name\":\"Integritetspolicy - \u00d6stman Group Oy Ab\",\"isPartOf\":{\"@id\":\"https:\\\/\\\/ostmangroup.fi\\\/sv\\\/#website\"},\"datePublished\":\"2022-11-14T00:17:26+00:00\",\"dateModified\":\"2023-06-14T09:50:27+00:00\",\"breadcrumb\":{\"@id\":\"https:\\\/\\\/ostmangroup.fi\\\/sv\\\/integritetspolicy\\\/#breadcrumb\"},\"inLanguage\":\"sv-SE\",\"potentialAction\":[{\"@type\":\"ReadAction\",\"target\":[\"https:\\\/\\\/ostmangroup.fi\\\/sv\\\/integritetspolicy\\\/\"]}]},{\"@type\":\"BreadcrumbList\",\"@id\":\"https:\\\/\\\/ostmangroup.fi\\\/sv\\\/integritetspolicy\\\/#breadcrumb\",\"itemListElement\":[{\"@type\":\"ListItem\",\"position\":1,\"name\":\"Etusivu\",\"item\":\"https:\\\/\\\/ostmangroup.fi\\\/sv\\\/hemsidan\\\/\"},{\"@type\":\"ListItem\",\"position\":2,\"name\":\"Integritetspolicy\"}]},{\"@type\":\"WebSite\",\"@id\":\"https:\\\/\\\/ostmangroup.fi\\\/sv\\\/#website\",\"url\":\"https:\\\/\\\/ostmangroup.fi\\\/sv\\\/\",\"name\":\"\u00d6stman Group Oy Ab\",\"description\":\"\",\"publisher\":{\"@id\":\"https:\\\/\\\/ostmangroup.fi\\\/sv\\\/#organization\"},\"potentialAction\":[{\"@type\":\"SearchAction\",\"target\":{\"@type\":\"EntryPoint\",\"urlTemplate\":\"https:\\\/\\\/ostmangroup.fi\\\/sv\\\/?s={search_term_string}\"},\"query-input\":{\"@type\":\"PropertyValueSpecification\",\"valueRequired\":true,\"valueName\":\"search_term_string\"}}],\"inLanguage\":\"sv-SE\"},{\"@type\":\"Organization\",\"@id\":\"https:\\\/\\\/ostmangroup.fi\\\/sv\\\/#organization\",\"name\":\"\u00d6stman Group Oy Ab\",\"url\":\"https:\\\/\\\/ostmangroup.fi\\\/sv\\\/\",\"logo\":{\"@type\":\"ImageObject\",\"inLanguage\":\"sv-SE\",\"@id\":\"https:\\\/\\\/ostmangroup.fi\\\/sv\\\/#\\\/schema\\\/logo\\\/image\\\/\",\"url\":\"http:\\\/\\\/ostmangroup.fi\\\/wp-content\\\/uploads\\\/2022\\\/11\\\/ostmangroupoyab_logo.png\",\"contentUrl\":\"http:\\\/\\\/ostmangroup.fi\\\/wp-content\\\/uploads\\\/2022\\\/11\\\/ostmangroupoyab_logo.png\",\"width\":759,\"height\":100,\"caption\":\"\u00d6stman Group Oy Ab\"},\"image\":{\"@id\":\"https:\\\/\\\/ostmangroup.fi\\\/sv\\\/#\\\/schema\\\/logo\\\/image\\\/\"},\"sameAs\":[\"https:\\\/\\\/www.facebook.com\\\/ostmangroup\"]}]}<\/script>\n<!-- \/ Yoast SEO plugin. -->","yoast_head_json":{"title":"Integritetspolicy - \u00d6stman Group Oy Ab","robots":{"index":"index","follow":"follow","max-snippet":"max-snippet:-1","max-image-preview":"max-image-preview:large","max-video-preview":"max-video-preview:-1"},"canonical":"https:\/\/ostmangroup.fi\/sv\/integritetspolicy\/","og_locale":"sv_SE","og_type":"article","og_title":"Integritetspolicy - \u00d6stman Group Oy Ab","og_description":"Vi respekterar din integritet och \u00e4r fast beslutna att skydda den genom att f\u00f6lja denna policy. Denna policy beskriver de typer av information som vi kan samla in fr\u00e5n dig eller som du kan tillhandah\u00e5lla n\u00e4r du bes\u00f6ker v\u00e5r webbplats och v\u00e5ra metoder f\u00f6r att samla in, anv\u00e4nda, underh\u00e5lla, skydda och avsl\u00f6ja denna information. Information [&hellip;]","og_url":"https:\/\/ostmangroup.fi\/sv\/integritetspolicy\/","og_site_name":"\u00d6stman Group Oy Ab","article_publisher":"https:\/\/www.facebook.com\/ostmangroup","article_modified_time":"2023-06-14T09:50:27+00:00","twitter_card":"summary_large_image","twitter_misc":{"Ber\u00e4knad l\u00e4stid":"2 minuter"},"schema":{"@context":"https:\/\/schema.org","@graph":[{"@type":"WebPage","@id":"https:\/\/ostmangroup.fi\/sv\/integritetspolicy\/","url":"https:\/\/ostmangroup.fi\/sv\/integritetspolicy\/","name":"Integritetspolicy - \u00d6stman Group Oy Ab","isPartOf":{"@id":"https:\/\/ostmangroup.fi\/sv\/#website"},"datePublished":"2022-11-14T00:17:26+00:00","dateModified":"2023-06-14T09:50:27+00:00","breadcrumb":{"@id":"https:\/\/ostmangroup.fi\/sv\/integritetspolicy\/#breadcrumb"},"inLanguage":"sv-SE","potentialAction":[{"@type":"ReadAction","target":["https:\/\/ostmangroup.fi\/sv\/integritetspolicy\/"]}]},{"@type":"BreadcrumbList","@id":"https:\/\/ostmangroup.fi\/sv\/integritetspolicy\/#breadcrumb","itemListElement":[{"@type":"ListItem","position":1,"name":"Etusivu","item":"https:\/\/ostmangroup.fi\/sv\/hemsidan\/"},{"@type":"ListItem","position":2,"name":"Integritetspolicy"}]},{"@type":"WebSite","@id":"https:\/\/ostmangroup.fi\/sv\/#website","url":"https:\/\/ostmangroup.fi\/sv\/","name":"\u00d6stman Group Oy Ab","description":"","publisher":{"@id":"https:\/\/ostmangroup.fi\/sv\/#organization"},"potentialAction":[{"@type":"SearchAction","target":{"@type":"EntryPoint","urlTemplate":"https:\/\/ostmangroup.fi\/sv\/?s={search_term_string}"},"query-input":{"@type":"PropertyValueSpecification","valueRequired":true,"valueName":"search_term_string"}}],"inLanguage":"sv-SE"},{"@type":"Organization","@id":"https:\/\/ostmangroup.fi\/sv\/#organization","name":"\u00d6stman Group Oy Ab","url":"https:\/\/ostmangroup.fi\/sv\/","logo":{"@type":"ImageObject","inLanguage":"sv-SE","@id":"https:\/\/ostmangroup.fi\/sv\/#\/schema\/logo\/image\/","url":"http:\/\/ostmangroup.fi\/wp-content\/uploads\/2022\/11\/ostmangroupoyab_logo.png","contentUrl":"http:\/\/ostmangroup.fi\/wp-content\/uploads\/2022\/11\/ostmangroupoyab_logo.png","width":759,"height":100,"caption":"\u00d6stman Group Oy Ab"},"image":{"@id":"https:\/\/ostmangroup.fi\/sv\/#\/schema\/logo\/image\/"},"sameAs":["https:\/\/www.facebook.com\/ostmangroup"]}]}},"_links":{"self":[{"href":"https:\/\/ostmangroup.fi\/sv\/wp-json\/wp\/v2\/pages\/543","targetHints":{"allow":["GET"]}}],"collection":[{"href":"https:\/\/ostmangroup.fi\/sv\/wp-json\/wp\/v2\/pages"}],"about":[{"href":"https:\/\/ostmangroup.fi\/sv\/wp-json\/wp\/v2\/types\/page"}],"author":[{"embeddable":true,"href":"https:\/\/ostmangroup.fi\/sv\/wp-json\/wp\/v2\/users\/1"}],"replies":[{"embeddable":true,"href":"https:\/\/ostmangroup.fi\/sv\/wp-json\/wp\/v2\/comments?post=543"}],"version-history":[{"count":0,"href":"https:\/\/ostmangroup.fi\/sv\/wp-json\/wp\/v2\/pages\/543\/revisions"}],"wp:attachment":[{"href":"https:\/\/ostmangroup.fi\/sv\/wp-json\/wp\/v2\/media?parent=543"}],"curies":[{"name":"wp","href":"https:\/\/api.w.org\/{rel}","templated":true}]}}