{"id":551,"date":"2020-04-13T11:18:52","date_gmt":"2020-04-13T11:18:52","guid":{"rendered":"https:\/\/ostmangroup.fi\/om\/"},"modified":"2026-03-02T00:12:03","modified_gmt":"2026-03-02T00:12:03","slug":"om","status":"publish","type":"page","link":"https:\/\/ostmangroup.fi\/sv\/om\/","title":{"rendered":"Om"},"content":{"rendered":"\t\t<div data-elementor-type=\"wp-page\" data-elementor-id=\"551\" class=\"elementor elementor-551 elementor-554\">\n\t\t\t\t\t\t<section class=\"elementor-section elementor-top-section elementor-element elementor-element-5131a13e elementor-section-boxed elementor-section-height-default elementor-section-height-default\" data-id=\"5131a13e\" data-element_type=\"section\" data-e-type=\"section\" data-settings=\"{&quot;background_background&quot;:&quot;classic&quot;}\">\n\t\t\t\t\t\t\t<div class=\"elementor-background-overlay\"><\/div>\n\t\t\t\t\t\t\t<div class=\"elementor-container elementor-column-gap-default\">\n\t\t\t\t\t<div class=\"elementor-column elementor-col-100 elementor-top-column elementor-element elementor-element-1053ca7a\" data-id=\"1053ca7a\" data-element_type=\"column\" data-e-type=\"column\">\n\t\t\t<div class=\"elementor-widget-wrap elementor-element-populated\">\n\t\t\t\t\t\t<div class=\"elementor-element elementor-element-3d99e122 elementor-widget elementor-widget-heading\" data-id=\"3d99e122\" data-element_type=\"widget\" data-e-type=\"widget\" data-widget_type=\"heading.default\">\n\t\t\t\t<div class=\"elementor-widget-container\">\n\t\t\t\t\t<h1 class=\"elementor-heading-title elementor-size-default\">\u00d6stman Group Oy Ab<\/h1>\t\t\t\t<\/div>\n\t\t\t\t<\/div>\n\t\t\t\t\t<\/div>\n\t\t<\/div>\n\t\t\t\t\t<\/div>\n\t\t<\/section>\n\t\t\t\t<section class=\"elementor-section elementor-top-section elementor-element elementor-element-40177ae0 elementor-section-boxed elementor-section-height-default elementor-section-height-default\" data-id=\"40177ae0\" data-element_type=\"section\" data-e-type=\"section\">\n\t\t\t\t\t\t<div class=\"elementor-container elementor-column-gap-no\">\n\t\t\t\t\t<div class=\"elementor-column elementor-col-50 elementor-top-column elementor-element elementor-element-2828f573\" data-id=\"2828f573\" data-element_type=\"column\" data-e-type=\"column\">\n\t\t\t<div class=\"elementor-widget-wrap elementor-element-populated\">\n\t\t\t\t\t\t<div class=\"elementor-element elementor-element-68afc23b elementor-widget elementor-widget-heading\" data-id=\"68afc23b\" data-element_type=\"widget\" data-e-type=\"widget\" data-widget_type=\"heading.default\">\n\t\t\t\t<div class=\"elementor-widget-container\">\n\t\t\t\t\t<h2 class=\"elementor-heading-title elementor-size-default\">Etablerades 2016<\/h2>\t\t\t\t<\/div>\n\t\t\t\t<\/div>\n\t\t\t\t\t<\/div>\n\t\t<\/div>\n\t\t\t\t<div class=\"elementor-column elementor-col-50 elementor-top-column elementor-element elementor-element-48096891\" data-id=\"48096891\" data-element_type=\"column\" data-e-type=\"column\">\n\t\t\t<div class=\"elementor-widget-wrap elementor-element-populated\">\n\t\t\t\t\t\t<div class=\"elementor-element elementor-element-44ce5982 elementor-widget elementor-widget-text-editor\" data-id=\"44ce5982\" data-element_type=\"widget\" data-e-type=\"widget\" data-widget_type=\"text-editor.default\">\n\t\t\t\t<div class=\"elementor-widget-container\">\n\t\t\t\t\t\t\t\t\t<p>\u00d6stman Group Oy Ab.<\/p><p>Vi \u00e4r ett team av h\u00f6gkvalificerade och erfarna medarbetare som arbetar f\u00f6r att f\u00f6rse f\u00f6retag med den teknik och de medietj\u00e4nster de beh\u00f6ver f\u00f6r att utvecklas i dagens digitala milj\u00f6.<\/p>\t\t\t\t\t\t\t\t<\/div>\n\t\t\t\t<\/div>\n\t\t\t\t<div class=\"elementor-element elementor-element-e56ab06 elementor-widget elementor-widget-text-editor\" data-id=\"e56ab06\" data-element_type=\"widget\" data-e-type=\"widget\" data-widget_type=\"text-editor.default\">\n\t\t\t\t<div class=\"elementor-widget-container\">\n\t\t\t\t\t\t\t\t\t<p>V\u00e5rt f\u00f6retag grundades med m\u00e5let att hj\u00e4lpa f\u00f6retag att utnyttja teknik och medietj\u00e4nster f\u00f6r att f\u00f6rb\u00e4ttra verksamheten, f\u00f6rb\u00e4ttra kundupplevelsen och uppn\u00e5 \u00f6vergripande aff\u00e4rsm\u00e5l. Vi f\u00f6rst\u00e5r att varje f\u00f6retag \u00e4r unikt, och det \u00e4r d\u00e4rf\u00f6r vi arbetar n\u00e4ra v\u00e5ra kunder f\u00f6r att f\u00f6rst\u00e5 deras specifika behov och skr\u00e4ddarsy v\u00e5ra l\u00f6sningar f\u00f6r att m\u00f6ta dessa behov.<\/p>\n<p>Vi erbjuder ett brett utbud av IT-l\u00f6sningar, inklusive Microsoft 365, IT-hantering och cybers\u00e4kerhet. Vi erbjuder \u00e4ven utveckling av webbplatser och e-handel, videoproduktion och andra medietj\u00e4nster f\u00f6r att hj\u00e4lpa f\u00f6retag att skapa en stark n\u00e4rvaro p\u00e5 n\u00e4tet och kommunicera effektivt med sina kunder.<\/p>\n<p>Vi \u00e4r fast beslutna att ge v\u00e5ra kunder exceptionell service och support. V\u00e5rt team av experter finns alltid tillg\u00e4ngliga f\u00f6r att v\u00e4gleda dig och svara p\u00e5 alla dina fr\u00e5gor. Vi \u00e4r stolta \u00f6ver att bygga l\u00e5ngsiktiga relationer med v\u00e5ra kunder, baserade p\u00e5 f\u00f6rtroende och \u00f6msesidig framg\u00e5ng.<\/p>\n<p>Vi investerar kontinuerligt i v\u00e5rt team, v\u00e5r teknik och v\u00e5ra processer f\u00f6r att s\u00e4kerst\u00e4lla att vi alltid ligger i framkant inom branschen. Vi har en passion f\u00f6r teknik och letar st\u00e4ndigt efter nya s\u00e4tt att f\u00f6rb\u00e4ttra v\u00e5ra l\u00f6sningar och tj\u00e4nster.<\/p>\n<p>Tack f\u00f6r att du \u00f6verv\u00e4ger oss f\u00f6r dina behov av IT-l\u00f6sningar och medietj\u00e4nster. Vi ser fram emot att arbeta med dig och hj\u00e4lpa ditt f\u00f6retag att lyckas!<\/p>\n\t\t\t\t\t\t\t\t<\/div>\n\t\t\t\t<\/div>\n\t\t\t\t<div class=\"elementor-element elementor-element-4ec76f84 elementor-widget elementor-widget-heading\" data-id=\"4ec76f84\" data-element_type=\"widget\" data-e-type=\"widget\" data-widget_type=\"heading.default\">\n\t\t\t\t<div class=\"elementor-widget-container\">\n\t\t\t\t\t<h3 class=\"elementor-heading-title elementor-size-medium\">Kevin \u00d6stman<br>VD<\/h3>\t\t\t\t<\/div>\n\t\t\t\t<\/div>\n\t\t\t\t\t<\/div>\n\t\t<\/div>\n\t\t\t\t\t<\/div>\n\t\t<\/section>\n\t\t\t\t<section class=\"elementor-section elementor-top-section elementor-element elementor-element-88095be elementor-section-boxed elementor-section-height-default elementor-section-height-default\" data-id=\"88095be\" data-element_type=\"section\" data-e-type=\"section\" data-settings=\"{&quot;background_background&quot;:&quot;classic&quot;}\">\n\t\t\t\t\t\t<div class=\"elementor-container elementor-column-gap-no\">\n\t\t\t\t\t<div class=\"elementor-column elementor-col-33 elementor-top-column elementor-element elementor-element-b59566c\" data-id=\"b59566c\" data-element_type=\"column\" data-e-type=\"column\">\n\t\t\t<div class=\"elementor-widget-wrap elementor-element-populated\">\n\t\t\t\t\t\t<div class=\"elementor-element elementor-element-b292dd2 elementor-widget elementor-widget-image-box\" data-id=\"b292dd2\" data-element_type=\"widget\" data-e-type=\"widget\" data-widget_type=\"image-box.default\">\n\t\t\t\t<div class=\"elementor-widget-container\">\n\t\t\t\t\t<div class=\"elementor-image-box-wrapper\"><div class=\"elementor-image-box-content\"><h2 class=\"elementor-image-box-title\">Uppdrag<\/h2><p class=\"elementor-image-box-description\">V\u00e5rt uppdrag \u00e4r att tillhandah\u00e5lla den senaste tekniken, expertr\u00e5dgivning och helt\u00e4ckande IT- och medietj\u00e4nster f\u00f6r att hj\u00e4lpa f\u00f6retag att optimera sin verksamhet, f\u00f6rb\u00e4ttra kundupplevelsen och uppn\u00e5 sina m\u00e5l. Vi \u00e4r fast beslutna att ge utm\u00e4rkt kundservice och bygga l\u00e5ngsiktiga partnerskap baserade p\u00e5 f\u00f6rtroende och \u00f6msesidig framg\u00e5ng.<\/p><\/div><\/div>\t\t\t\t<\/div>\n\t\t\t\t<\/div>\n\t\t\t\t\t<\/div>\n\t\t<\/div>\n\t\t\t\t<div class=\"elementor-column elementor-col-33 elementor-top-column elementor-element elementor-element-bca9a20\" data-id=\"bca9a20\" data-element_type=\"column\" data-e-type=\"column\">\n\t\t\t<div class=\"elementor-widget-wrap elementor-element-populated\">\n\t\t\t\t\t\t<div class=\"elementor-element elementor-element-b0e23ae elementor-widget elementor-widget-image-box\" data-id=\"b0e23ae\" data-element_type=\"widget\" data-e-type=\"widget\" data-widget_type=\"image-box.default\">\n\t\t\t\t<div class=\"elementor-widget-container\">\n\t\t\t\t\t<div class=\"elementor-image-box-wrapper\"><div class=\"elementor-image-box-content\"><h2 class=\"elementor-image-box-title\">Visio<\/h2><p class=\"elementor-image-box-description\">V\u00e5r vision \u00e4r att ge f\u00f6retag i alla storlekar de teknik- och medietj\u00e4nster de beh\u00f6ver f\u00f6r att utvecklas i dagens digitala milj\u00f6. Vi str\u00e4var efter att vara en one-stop-shop f\u00f6r v\u00e5ra kunder genom att tillhandah\u00e5lla innovativa och tillf\u00f6rlitliga IT-l\u00f6sningar, webbplatsutveckling, videoproduktion och andra medietj\u00e4nster som fr\u00e4mjar tillv\u00e4xt och effektivitet.  <\/p><\/div><\/div>\t\t\t\t<\/div>\n\t\t\t\t<\/div>\n\t\t\t\t\t<\/div>\n\t\t<\/div>\n\t\t\t\t<div class=\"elementor-column elementor-col-33 elementor-top-column elementor-element elementor-element-6b0d72f\" data-id=\"6b0d72f\" data-element_type=\"column\" data-e-type=\"column\">\n\t\t\t<div class=\"elementor-widget-wrap elementor-element-populated\">\n\t\t\t\t\t\t<div class=\"elementor-element elementor-element-30cd69e elementor-widget elementor-widget-heading\" data-id=\"30cd69e\" data-element_type=\"widget\" data-e-type=\"widget\" data-widget_type=\"heading.default\">\n\t\t\t\t<div class=\"elementor-widget-container\">\n\t\t\t\t\t<h2 class=\"elementor-heading-title elementor-size-default\">V\u00e4rden<\/h2>\t\t\t\t<\/div>\n\t\t\t\t<\/div>\n\t\t\t\t<div class=\"elementor-element elementor-element-9f92279 elementor-icon-list--layout-traditional elementor-list-item-link-full_width elementor-widget elementor-widget-icon-list\" data-id=\"9f92279\" data-element_type=\"widget\" data-e-type=\"widget\" data-widget_type=\"icon-list.default\">\n\t\t\t\t<div class=\"elementor-widget-container\">\n\t\t\t\t\t\t\t<ul class=\"elementor-icon-list-items\">\n\t\t\t\t\t\t\t<li class=\"elementor-icon-list-item\">\n\t\t\t\t\t\t\t\t\t\t\t<span class=\"elementor-icon-list-icon\">\n\t\t\t\t\t\t\t<i aria-hidden=\"true\" class=\"fas fa-caret-right\"><\/i>\t\t\t\t\t\t<\/span>\n\t\t\t\t\t\t\t\t\t\t<span class=\"elementor-icon-list-text\">Innovation<\/span>\n\t\t\t\t\t\t\t\t\t<\/li>\n\t\t\t\t\t\t\t\t<li class=\"elementor-icon-list-item\">\n\t\t\t\t\t\t\t\t\t\t\t<span class=\"elementor-icon-list-icon\">\n\t\t\t\t\t\t\t<i aria-hidden=\"true\" class=\"fas fa-caret-right\"><\/i>\t\t\t\t\t\t<\/span>\n\t\t\t\t\t\t\t\t\t\t<span class=\"elementor-icon-list-text\">Tillf\u00f6rlitlighet<\/span>\n\t\t\t\t\t\t\t\t\t<\/li>\n\t\t\t\t\t\t\t\t<li class=\"elementor-icon-list-item\">\n\t\t\t\t\t\t\t\t\t\t\t<span class=\"elementor-icon-list-icon\">\n\t\t\t\t\t\t\t<i aria-hidden=\"true\" class=\"fas fa-caret-right\"><\/i>\t\t\t\t\t\t<\/span>\n\t\t\t\t\t\t\t\t\t\t<span class=\"elementor-icon-list-text\">Expertis<\/span>\n\t\t\t\t\t\t\t\t\t<\/li>\n\t\t\t\t\t\t\t\t<li class=\"elementor-icon-list-item\">\n\t\t\t\t\t\t\t\t\t\t\t<span class=\"elementor-icon-list-icon\">\n\t\t\t\t\t\t\t<i aria-hidden=\"true\" class=\"fas fa-caret-right\"><\/i>\t\t\t\t\t\t<\/span>\n\t\t\t\t\t\t\t\t\t\t<span class=\"elementor-icon-list-text\">Kundservice<\/span>\n\t\t\t\t\t\t\t\t\t<\/li>\n\t\t\t\t\t\t\t\t<li class=\"elementor-icon-list-item\">\n\t\t\t\t\t\t\t\t\t\t\t<span class=\"elementor-icon-list-icon\">\n\t\t\t\t\t\t\t<i aria-hidden=\"true\" class=\"fas fa-caret-right\"><\/i>\t\t\t\t\t\t<\/span>\n\t\t\t\t\t\t\t\t\t\t<span class=\"elementor-icon-list-text\">\u00c4rlighet<\/span>\n\t\t\t\t\t\t\t\t\t<\/li>\n\t\t\t\t\t\t<\/ul>\n\t\t\t\t\t\t<\/div>\n\t\t\t\t<\/div>\n\t\t\t\t\t<\/div>\n\t\t<\/div>\n\t\t\t\t\t<\/div>\n\t\t<\/section>\n\t\t\t\t<\/div>\n\t\t","protected":false},"excerpt":{"rendered":"<p>\u00d6stman Group Oy Ab Etablerades 2016 \u00d6stman Group Oy Ab. Vi \u00e4r ett team av h\u00f6gkvalificerade och erfarna medarbetare som arbetar f\u00f6r att f\u00f6rse f\u00f6retag med den teknik och de medietj\u00e4nster de beh\u00f6ver f\u00f6r att utvecklas i dagens digitala milj\u00f6. V\u00e5rt f\u00f6retag grundades med m\u00e5let att hj\u00e4lpa f\u00f6retag att utnyttja teknik och medietj\u00e4nster f\u00f6r att [&hellip;]<\/p>\n","protected":false},"author":1,"featured_media":0,"parent":0,"menu_order":0,"comment_status":"closed","ping_status":"closed","template":"","meta":{"_seopress_robots_primary_cat":"0","_seopress_titles_title":"","_seopress_titles_desc":"","_seopress_robots_index":"","content-type":"","site-sidebar-layout":"no-sidebar","site-content-layout":"page-builder","ast-site-content-layout":"default","site-content-style":"default","site-sidebar-style":"default","ast-global-header-display":"","ast-banner-title-visibility":"","ast-main-header-display":"","ast-hfb-above-header-display":"","ast-hfb-below-header-display":"","ast-hfb-mobile-header-display":"","site-post-title":"disabled","ast-breadcrumbs-content":"","ast-featured-img":"","footer-sml-layout":"","ast-disable-related-posts":"","theme-transparent-header-meta":"enabled","adv-header-id-meta":"","stick-header-meta":"","header-above-stick-meta":"","header-main-stick-meta":"","header-below-stick-meta":"","astra-migrate-meta-layouts":"default","ast-page-background-enabled":"default","ast-page-background-meta":{"desktop":{"background-color":"","background-image":"","background-repeat":"repeat","background-position":"center center","background-size":"auto","background-attachment":"scroll","background-type":"","background-media":"","overlay-type":"","overlay-color":"","overlay-opacity":"","overlay-gradient":""},"tablet":{"background-color":"","background-image":"","background-repeat":"repeat","background-position":"center center","background-size":"auto","background-attachment":"scroll","background-type":"","background-media":"","overlay-type":"","overlay-color":"","overlay-opacity":"","overlay-gradient":""},"mobile":{"background-color":"","background-image":"","background-repeat":"repeat","background-position":"center center","background-size":"auto","background-attachment":"scroll","background-type":"","background-media":"","overlay-type":"","overlay-color":"","overlay-opacity":"","overlay-gradient":""}},"ast-content-background-meta":{"desktop":{"background-color":"var(--ast-global-color-5)","background-image":"","background-repeat":"repeat","background-position":"center center","background-size":"auto","background-attachment":"scroll","background-type":"","background-media":"","overlay-type":"","overlay-color":"","overlay-opacity":"","overlay-gradient":""},"tablet":{"background-color":"var(--ast-global-color-5)","background-image":"","background-repeat":"repeat","background-position":"center center","background-size":"auto","background-attachment":"scroll","background-type":"","background-media":"","overlay-type":"","overlay-color":"","overlay-opacity":"","overlay-gradient":""},"mobile":{"background-color":"var(--ast-global-color-5)","background-image":"","background-repeat":"repeat","background-position":"center center","background-size":"auto","background-attachment":"scroll","background-type":"","background-media":"","overlay-type":"","overlay-color":"","overlay-opacity":"","overlay-gradient":""}},"footnotes":""},"class_list":["post-551","page","type-page","status-publish","hentry"],"yoast_head":"<!-- This site is optimized with the Yoast SEO plugin v27.3 - https:\/\/yoast.com\/product\/yoast-seo-wordpress\/ -->\n<title>Om - \u00d6stman Group Oy Ab<\/title>\n<meta name=\"robots\" content=\"index, follow, max-snippet:-1, max-image-preview:large, max-video-preview:-1\" \/>\n<link rel=\"canonical\" href=\"https:\/\/ostmangroup.fi\/sv\/om\/\" \/>\n<meta property=\"og:locale\" content=\"sv_SE\" \/>\n<meta property=\"og:type\" content=\"article\" \/>\n<meta property=\"og:title\" content=\"Om - \u00d6stman Group Oy Ab\" \/>\n<meta property=\"og:description\" content=\"\u00d6stman Group Oy Ab Etablerades 2016 \u00d6stman Group Oy Ab. Vi \u00e4r ett team av h\u00f6gkvalificerade och erfarna medarbetare som arbetar f\u00f6r att f\u00f6rse f\u00f6retag med den teknik och de medietj\u00e4nster de beh\u00f6ver f\u00f6r att utvecklas i dagens digitala milj\u00f6. V\u00e5rt f\u00f6retag grundades med m\u00e5let att hj\u00e4lpa f\u00f6retag att utnyttja teknik och medietj\u00e4nster f\u00f6r att [&hellip;]\" \/>\n<meta property=\"og:url\" content=\"https:\/\/ostmangroup.fi\/sv\/om\/\" \/>\n<meta property=\"og:site_name\" content=\"\u00d6stman Group Oy Ab\" \/>\n<meta property=\"article:publisher\" content=\"https:\/\/www.facebook.com\/ostmangroup\" \/>\n<meta property=\"article:modified_time\" content=\"2026-03-02T00:12:03+00:00\" \/>\n<meta name=\"twitter:card\" content=\"summary_large_image\" \/>\n<meta name=\"twitter:label1\" content=\"Ber\u00e4knad l\u00e4stid\" \/>\n\t<meta name=\"twitter:data1\" content=\"2 minuter\" \/>\n<script type=\"application\/ld+json\" class=\"yoast-schema-graph\">{\"@context\":\"https:\\\/\\\/schema.org\",\"@graph\":[{\"@type\":\"WebPage\",\"@id\":\"https:\\\/\\\/ostmangroup.fi\\\/sv\\\/om\\\/\",\"url\":\"https:\\\/\\\/ostmangroup.fi\\\/sv\\\/om\\\/\",\"name\":\"Om - \u00d6stman Group Oy Ab\",\"isPartOf\":{\"@id\":\"https:\\\/\\\/ostmangroup.fi\\\/sv\\\/#website\"},\"datePublished\":\"2020-04-13T11:18:52+00:00\",\"dateModified\":\"2026-03-02T00:12:03+00:00\",\"breadcrumb\":{\"@id\":\"https:\\\/\\\/ostmangroup.fi\\\/sv\\\/om\\\/#breadcrumb\"},\"inLanguage\":\"sv-SE\",\"potentialAction\":[{\"@type\":\"ReadAction\",\"target\":[\"https:\\\/\\\/ostmangroup.fi\\\/sv\\\/om\\\/\"]}]},{\"@type\":\"BreadcrumbList\",\"@id\":\"https:\\\/\\\/ostmangroup.fi\\\/sv\\\/om\\\/#breadcrumb\",\"itemListElement\":[{\"@type\":\"ListItem\",\"position\":1,\"name\":\"Etusivu\",\"item\":\"https:\\\/\\\/ostmangroup.fi\\\/sv\\\/hemsidan\\\/\"},{\"@type\":\"ListItem\",\"position\":2,\"name\":\"Om\"}]},{\"@type\":\"WebSite\",\"@id\":\"https:\\\/\\\/ostmangroup.fi\\\/sv\\\/#website\",\"url\":\"https:\\\/\\\/ostmangroup.fi\\\/sv\\\/\",\"name\":\"\u00d6stman Group Oy Ab\",\"description\":\"\",\"publisher\":{\"@id\":\"https:\\\/\\\/ostmangroup.fi\\\/sv\\\/#organization\"},\"potentialAction\":[{\"@type\":\"SearchAction\",\"target\":{\"@type\":\"EntryPoint\",\"urlTemplate\":\"https:\\\/\\\/ostmangroup.fi\\\/sv\\\/?s={search_term_string}\"},\"query-input\":{\"@type\":\"PropertyValueSpecification\",\"valueRequired\":true,\"valueName\":\"search_term_string\"}}],\"inLanguage\":\"sv-SE\"},{\"@type\":\"Organization\",\"@id\":\"https:\\\/\\\/ostmangroup.fi\\\/sv\\\/#organization\",\"name\":\"\u00d6stman Group Oy Ab\",\"url\":\"https:\\\/\\\/ostmangroup.fi\\\/sv\\\/\",\"logo\":{\"@type\":\"ImageObject\",\"inLanguage\":\"sv-SE\",\"@id\":\"https:\\\/\\\/ostmangroup.fi\\\/sv\\\/#\\\/schema\\\/logo\\\/image\\\/\",\"url\":\"http:\\\/\\\/ostmangroup.fi\\\/wp-content\\\/uploads\\\/2022\\\/11\\\/ostmangroupoyab_logo.png\",\"contentUrl\":\"http:\\\/\\\/ostmangroup.fi\\\/wp-content\\\/uploads\\\/2022\\\/11\\\/ostmangroupoyab_logo.png\",\"width\":759,\"height\":100,\"caption\":\"\u00d6stman Group Oy Ab\"},\"image\":{\"@id\":\"https:\\\/\\\/ostmangroup.fi\\\/sv\\\/#\\\/schema\\\/logo\\\/image\\\/\"},\"sameAs\":[\"https:\\\/\\\/www.facebook.com\\\/ostmangroup\"]}]}<\/script>\n<!-- \/ Yoast SEO plugin. -->","yoast_head_json":{"title":"Om - \u00d6stman Group Oy Ab","robots":{"index":"index","follow":"follow","max-snippet":"max-snippet:-1","max-image-preview":"max-image-preview:large","max-video-preview":"max-video-preview:-1"},"canonical":"https:\/\/ostmangroup.fi\/sv\/om\/","og_locale":"sv_SE","og_type":"article","og_title":"Om - \u00d6stman Group Oy Ab","og_description":"\u00d6stman Group Oy Ab Etablerades 2016 \u00d6stman Group Oy Ab. Vi \u00e4r ett team av h\u00f6gkvalificerade och erfarna medarbetare som arbetar f\u00f6r att f\u00f6rse f\u00f6retag med den teknik och de medietj\u00e4nster de beh\u00f6ver f\u00f6r att utvecklas i dagens digitala milj\u00f6. V\u00e5rt f\u00f6retag grundades med m\u00e5let att hj\u00e4lpa f\u00f6retag att utnyttja teknik och medietj\u00e4nster f\u00f6r att [&hellip;]","og_url":"https:\/\/ostmangroup.fi\/sv\/om\/","og_site_name":"\u00d6stman Group Oy Ab","article_publisher":"https:\/\/www.facebook.com\/ostmangroup","article_modified_time":"2026-03-02T00:12:03+00:00","twitter_card":"summary_large_image","twitter_misc":{"Ber\u00e4knad l\u00e4stid":"2 minuter"},"schema":{"@context":"https:\/\/schema.org","@graph":[{"@type":"WebPage","@id":"https:\/\/ostmangroup.fi\/sv\/om\/","url":"https:\/\/ostmangroup.fi\/sv\/om\/","name":"Om - \u00d6stman Group Oy Ab","isPartOf":{"@id":"https:\/\/ostmangroup.fi\/sv\/#website"},"datePublished":"2020-04-13T11:18:52+00:00","dateModified":"2026-03-02T00:12:03+00:00","breadcrumb":{"@id":"https:\/\/ostmangroup.fi\/sv\/om\/#breadcrumb"},"inLanguage":"sv-SE","potentialAction":[{"@type":"ReadAction","target":["https:\/\/ostmangroup.fi\/sv\/om\/"]}]},{"@type":"BreadcrumbList","@id":"https:\/\/ostmangroup.fi\/sv\/om\/#breadcrumb","itemListElement":[{"@type":"ListItem","position":1,"name":"Etusivu","item":"https:\/\/ostmangroup.fi\/sv\/hemsidan\/"},{"@type":"ListItem","position":2,"name":"Om"}]},{"@type":"WebSite","@id":"https:\/\/ostmangroup.fi\/sv\/#website","url":"https:\/\/ostmangroup.fi\/sv\/","name":"\u00d6stman Group Oy Ab","description":"","publisher":{"@id":"https:\/\/ostmangroup.fi\/sv\/#organization"},"potentialAction":[{"@type":"SearchAction","target":{"@type":"EntryPoint","urlTemplate":"https:\/\/ostmangroup.fi\/sv\/?s={search_term_string}"},"query-input":{"@type":"PropertyValueSpecification","valueRequired":true,"valueName":"search_term_string"}}],"inLanguage":"sv-SE"},{"@type":"Organization","@id":"https:\/\/ostmangroup.fi\/sv\/#organization","name":"\u00d6stman Group Oy Ab","url":"https:\/\/ostmangroup.fi\/sv\/","logo":{"@type":"ImageObject","inLanguage":"sv-SE","@id":"https:\/\/ostmangroup.fi\/sv\/#\/schema\/logo\/image\/","url":"http:\/\/ostmangroup.fi\/wp-content\/uploads\/2022\/11\/ostmangroupoyab_logo.png","contentUrl":"http:\/\/ostmangroup.fi\/wp-content\/uploads\/2022\/11\/ostmangroupoyab_logo.png","width":759,"height":100,"caption":"\u00d6stman Group Oy Ab"},"image":{"@id":"https:\/\/ostmangroup.fi\/sv\/#\/schema\/logo\/image\/"},"sameAs":["https:\/\/www.facebook.com\/ostmangroup"]}]}},"_links":{"self":[{"href":"https:\/\/ostmangroup.fi\/sv\/wp-json\/wp\/v2\/pages\/551","targetHints":{"allow":["GET"]}}],"collection":[{"href":"https:\/\/ostmangroup.fi\/sv\/wp-json\/wp\/v2\/pages"}],"about":[{"href":"https:\/\/ostmangroup.fi\/sv\/wp-json\/wp\/v2\/types\/page"}],"author":[{"embeddable":true,"href":"https:\/\/ostmangroup.fi\/sv\/wp-json\/wp\/v2\/users\/1"}],"replies":[{"embeddable":true,"href":"https:\/\/ostmangroup.fi\/sv\/wp-json\/wp\/v2\/comments?post=551"}],"version-history":[{"count":2,"href":"https:\/\/ostmangroup.fi\/sv\/wp-json\/wp\/v2\/pages\/551\/revisions"}],"predecessor-version":[{"id":664,"href":"https:\/\/ostmangroup.fi\/sv\/wp-json\/wp\/v2\/pages\/551\/revisions\/664"}],"wp:attachment":[{"href":"https:\/\/ostmangroup.fi\/sv\/wp-json\/wp\/v2\/media?parent=551"}],"curies":[{"name":"wp","href":"https:\/\/api.w.org\/{rel}","templated":true}]}}